{"id":821,"date":"2024-11-27T17:13:36","date_gmt":"2024-11-27T17:13:36","guid":{"rendered":"https:\/\/nuevaweb.sierranativo.com\/?post_type=product&#038;p=821"},"modified":"2025-10-20T14:47:00","modified_gmt":"2025-10-20T19:47:00","slug":"tour-la-guajira-3-dias","status":"publish","type":"product","link":"https:\/\/sierranativo.com\/en\/product\/tour-la-guajira-3-dias\/","title":{"rendered":"La Guajira | 2 Noches y 3 Dias | Cabo de la vela Y Punta Gallina"},"content":{"rendered":"<div data-elementor-type=\"product-post\" data-elementor-id=\"821\" class=\"elementor elementor-821\" data-elementor-post-type=\"product\">\n\t\t\t\t<div class=\"elementor-element elementor-element-199ef4b7 e-flex e-con-boxed e-con e-parent\" data-id=\"199ef4b7\" data-element_type=\"container\" data-e-type=\"container\">\n\t\t\t\t\t<div class=\"e-con-inner\">\n\t\t<div class=\"elementor-element elementor-element-965500b e-con-full e-flex e-con e-child\" data-id=\"965500b\" data-element_type=\"container\" data-e-type=\"container\">\n\t\t\t\t<div class=\"elementor-element elementor-element-fad5ea6 elementor-widget__width-initial elementor-widget elementor-widget-text-editor\" data-id=\"fad5ea6\" data-element_type=\"widget\" data-e-type=\"widget\" data-widget_type=\"text-editor.default\">\n\t\t\t\t\t\t\t\t\t<h4><span style=\"color: #008000;\"><strong>Cabo de la Vela and Punta Gallina 3 Days and 2 Night<\/strong><\/span><\/h4><h5><span style=\"color: #008000;\"><strong>DAY 1<\/strong><\/span><\/h5><p>8:00 AM. Departure Riohacha to Cabo de la Vela visiting the following places of tourist interest: Manaure, salinas de Manaure, mountains of salt, Uribia (indigenous capital of Colombia), cactus forests, desert shrub, observe flocks of sheep and goats around the villages.<\/p><p>12: 30. PM. Lunch at the cabo de la vela.<\/p><p>2:30 PM. Visit to beach rainbow, cerro pil\u00f3n de az\u00facar, golden beach of the pil\u00f3n de az\u00facar, watch a variety of landscapes around the cabo de la vela, visit playa ojo de agua, ending the afternoon we contemplate the sunset with a red multi-coloured from the tip of the Lighthouse.<\/p><p>7:00 PM. Dinner in the cape<\/p><p>Asleep in the cabo de la vela in comfortable hammocks.<\/p><h6><span style=\"color: #008000;\"><strong>IF YOU WANT TO SLEEP IN ROOMS YOU MUST MAKE YOUR RESERVATION WITH<\/strong><\/span><br \/><span style=\"color: #008000;\"><strong>ADVANCE.<\/strong><\/span><\/h6><h5><span style=\"color: #008000;\"><strong>DAY 2<\/strong><\/span><\/h5><p>Breakfast in the Cape of the Sail.<\/p><p>7:30 AM. Departure to Punta Gallinas visiting the following places, wind farm Jepirachi, desert of new port and Portete, desert of bahia honda, honda bay, desert of bahia hondita.<\/p><p>Bathroom in beach Taroa.<\/p><p>12:30. Lunch and rest in comfortable hammock with panoramic view to the beach Taroa.<\/p><p>2:30 pm. Visit the beaches, dunes of Taroa to appreciate and enjoy this fascinating landscape, sky, desert, and sea.<\/p><p>Bath on the beach of the dunes of Taroa.<\/p><p>5:00 PM. Visit the lighthouse of punta gallinas is located in the northern most part of south America to see the sunset in front of Playa Punta Needles.<\/p><p>7:00 PM. Dinner in punta gallina.<\/p><p>Asleep at punta gallinas in comfortable hammocks.<\/p><h6><span style=\"color: #008000;\"><strong>IF YOU WANT TO SLEEP IN ROOMS YOU MUST MAKE YOUR RESERVATION WITH<\/strong><\/span><br \/><span style=\"color: #008000;\"><strong>ADVANCE.<\/strong><\/span><\/h6><h5><span style=\"color: #008000;\"><strong>DAY 3<\/strong><\/span><\/h5><p>Breakfast in Punta Gallinas.<\/p><p>7:30 am. Output to Riohacha.<\/p><p>We made a visit to the mirador de C\u00e1ceres to observe and panoramic capture your best shot.<\/p><p>12: 00 pm Lunch in Uribia (indigenous capital of Colombia).<\/p><p>1:45 PM. Output to Riohacha.<\/p><p>3:00 PM. Arrival to Riohacha.<\/p><p>The itinerary may vary according to weather conditions.<\/p><h5><span style=\"color: #008000;\"><strong>NOTES:<\/strong><\/span><\/h5><ul><li>The itinerary of the program may vary according to weather conditions.<\/li><li>The food is made with typical dishes of the region such as: a variety of<br \/>fish according to the catch of the day, meat, chicken, goat, (The menus for vegetarians<br \/>and vegans are limited to the terms and conditions of the community wayuu).<\/li><li>If you wish to eat lobster, or shrimp) has an extra cost.<\/li><li>Sleep in chinchorro is typical of the wayuu culture and is performed in booths at the<br \/><span style=\"font-size: 16px; font-style: normal; font-weight: 400;\">open-air, enjoying the pleasant breeze of the nights guajiras.<\/span><\/li><li>In this option have enough rooms available with all the services.<\/li><li>The rooms are eco friendly and come with the power on until the<br \/><span style=\"font-size: 16px; font-style: normal; font-weight: 400;\">11:00 pm.<\/span><\/li><\/ul><p>The reservation is made with a <strong><span style=\"color: #008000;\">deposit of 94,000 COP<\/span><\/strong> and the remaining balance will be paid directly on the day of the tour in Riohacha, where the transportation will pick you up.<\/p>\t\t\t\t\t\t\t\t<\/div>\n\t\t\t\t<\/div>\n\t\t\t\t\t<\/div>\n\t\t\t\t<\/div>\n\t\t\t\t<\/div>","protected":false},"excerpt":{"rendered":"<p>A tour of 3 days and 2 nights touring guajira, Accompanied by local guides<br \/>\nfrom the city of Riohacha, Where we will have the opportunity to learn from the culture <strong>wayuu<\/strong><\/p>\n<p>Tour Price <span style=\"color: #008000;\"><strong>850.000 COP<\/strong><\/span><\/p>\n<p class=\"has-text-align-left wp-block-heading\"><span style=\"color: #957939;\"><strong>RESERVA CON: 103,000 COP<\/strong><\/span><\/p>\n<p>&nbsp;<\/p>","protected":false},"featured_media":976,"comment_status":"open","ping_status":"closed","template":"","meta":{"_joinchat":[]},"product_brand":[],"product_cat":[47,61],"product_tag":[],"class_list":{"0":"post-821","1":"product","2":"type-product","3":"status-publish","4":"has-post-thumbnail","6":"product_cat-cultura-indigena","7":"product_cat-la-guajira","9":"first","10":"instock","11":"virtual","12":"sold-individually","13":"purchasable","14":"product-type-booking"},"yoast_head":"<!-- This site is optimized with the Yoast SEO plugin v27.4 - https:\/\/yoast.com\/product\/yoast-seo-wordpress\/ -->\n<title>La Guajira | 2 Noches y 3 Dias | Cabo de la vela Y Punta Gallina<\/title>\n<meta name=\"description\" content=\"Conoce La Guajira, sus hermosos centros tur\u00edsticos y pasa la noche con la comunidad way\u00fau en un tour por la costa del caribe Colombiano.\" \/>\n<meta name=\"robots\" content=\"index, follow, max-snippet:-1, max-image-preview:large, max-video-preview:-1\" \/>\n<link rel=\"canonical\" href=\"https:\/\/sierranativo.com\/en\/product\/tour-la-guajira-3-dias\/\" \/>\n<meta property=\"og:locale\" content=\"en_US\" \/>\n<meta property=\"og:type\" content=\"article\" \/>\n<meta property=\"og:title\" content=\"La Guajira | 2 Noches y 3 Dias | Cabo de la vela Y Punta Gallina\" \/>\n<meta property=\"og:description\" content=\"Conoce La Guajira, sus hermosos centros tur\u00edsticos y pasa la noche con la comunidad way\u00fau en un tour por la costa del caribe Colombiano.\" \/>\n<meta property=\"og:url\" content=\"https:\/\/sierranativo.com\/en\/product\/tour-la-guajira-3-dias\/\" \/>\n<meta property=\"og:site_name\" content=\"Sierra Nativo\" \/>\n<meta property=\"article:publisher\" content=\"https:\/\/www.facebook.com\/sierranativo\" \/>\n<meta property=\"article:modified_time\" content=\"2025-10-20T19:47:00+00:00\" \/>\n<meta property=\"og:image\" content=\"https:\/\/sierranativo.com\/wp-content\/uploads\/2024\/11\/Atardecer-playas-de-la-guajira-tour-cabo-de-la-vela-punta-gallina.webp\" \/>\n\t<meta property=\"og:image:width\" content=\"1920\" \/>\n\t<meta property=\"og:image:height\" content=\"1357\" \/>\n\t<meta property=\"og:image:type\" content=\"image\/webp\" \/>\n<meta name=\"twitter:card\" content=\"summary_large_image\" \/>\n<meta name=\"twitter:label1\" content=\"Est. reading time\" \/>\n\t<meta name=\"twitter:data1\" content=\"3 minutes\" \/>\n<script type=\"application\/ld+json\" class=\"yoast-schema-graph\">{\"@context\":\"https:\\\/\\\/schema.org\",\"@graph\":[{\"@type\":\"WebPage\",\"@id\":\"https:\\\/\\\/sierranativo.com\\\/producto\\\/tour-la-guajira-3-dias\\\/\",\"url\":\"https:\\\/\\\/sierranativo.com\\\/producto\\\/tour-la-guajira-3-dias\\\/\",\"name\":\"La Guajira | 2 Noches y 3 Dias | Cabo de la vela Y Punta Gallina\",\"isPartOf\":{\"@id\":\"https:\\\/\\\/sierranativo.com\\\/#website\"},\"primaryImageOfPage\":{\"@id\":\"https:\\\/\\\/sierranativo.com\\\/producto\\\/tour-la-guajira-3-dias\\\/#primaryimage\"},\"image\":{\"@id\":\"https:\\\/\\\/sierranativo.com\\\/producto\\\/tour-la-guajira-3-dias\\\/#primaryimage\"},\"thumbnailUrl\":\"https:\\\/\\\/sierranativo.com\\\/wp-content\\\/uploads\\\/2024\\\/11\\\/Atardecer-playas-de-la-guajira-tour-cabo-de-la-vela-punta-gallina.webp\",\"datePublished\":\"2024-11-27T17:13:36+00:00\",\"dateModified\":\"2025-10-20T19:47:00+00:00\",\"description\":\"Conoce La Guajira, sus hermosos centros tur\u00edsticos y pasa la noche con la comunidad way\u00fau en un tour por la costa del caribe Colombiano.\",\"breadcrumb\":{\"@id\":\"https:\\\/\\\/sierranativo.com\\\/producto\\\/tour-la-guajira-3-dias\\\/#breadcrumb\"},\"inLanguage\":\"en-US\",\"potentialAction\":[{\"@type\":\"ReadAction\",\"target\":[\"https:\\\/\\\/sierranativo.com\\\/producto\\\/tour-la-guajira-3-dias\\\/\"]}]},{\"@type\":\"ImageObject\",\"inLanguage\":\"en-US\",\"@id\":\"https:\\\/\\\/sierranativo.com\\\/producto\\\/tour-la-guajira-3-dias\\\/#primaryimage\",\"url\":\"https:\\\/\\\/sierranativo.com\\\/wp-content\\\/uploads\\\/2024\\\/11\\\/Atardecer-playas-de-la-guajira-tour-cabo-de-la-vela-punta-gallina.webp\",\"contentUrl\":\"https:\\\/\\\/sierranativo.com\\\/wp-content\\\/uploads\\\/2024\\\/11\\\/Atardecer-playas-de-la-guajira-tour-cabo-de-la-vela-punta-gallina.webp\",\"width\":1920,\"height\":1357},{\"@type\":\"BreadcrumbList\",\"@id\":\"https:\\\/\\\/sierranativo.com\\\/producto\\\/tour-la-guajira-3-dias\\\/#breadcrumb\",\"itemListElement\":[{\"@type\":\"ListItem\",\"position\":1,\"name\":\"Portada\",\"item\":\"https:\\\/\\\/sierranativo.com\\\/\"},{\"@type\":\"ListItem\",\"position\":2,\"name\":\"Tienda\",\"item\":\"https:\\\/\\\/sierranativo.com\\\/tienda\\\/\"},{\"@type\":\"ListItem\",\"position\":3,\"name\":\"La Guajira | 2 Noches y 3 Dias | Cabo de la vela Y Punta Gallina\"}]},{\"@type\":\"WebSite\",\"@id\":\"https:\\\/\\\/sierranativo.com\\\/#website\",\"url\":\"https:\\\/\\\/sierranativo.com\\\/\",\"name\":\"Sierra Nativo\",\"description\":\"Tours en Santa Marta a Ciudad perdida, Bunkuany, Minca, incluso a las comunidades de la sierra Nevada de Santa Marta.\",\"publisher\":{\"@id\":\"https:\\\/\\\/sierranativo.com\\\/#organization\"},\"alternateName\":\"sierranativo\",\"potentialAction\":[{\"@type\":\"SearchAction\",\"target\":{\"@type\":\"EntryPoint\",\"urlTemplate\":\"https:\\\/\\\/sierranativo.com\\\/?s={search_term_string}\"},\"query-input\":{\"@type\":\"PropertyValueSpecification\",\"valueRequired\":true,\"valueName\":\"search_term_string\"}}],\"inLanguage\":\"en-US\"},{\"@type\":\"Organization\",\"@id\":\"https:\\\/\\\/sierranativo.com\\\/#organization\",\"name\":\"Sierra Nativo\",\"alternateName\":\"Sierranativo\",\"url\":\"https:\\\/\\\/sierranativo.com\\\/\",\"logo\":{\"@type\":\"ImageObject\",\"inLanguage\":\"en-US\",\"@id\":\"https:\\\/\\\/sierranativo.com\\\/#\\\/schema\\\/logo\\\/image\\\/\",\"url\":\"https:\\\/\\\/sierranativo.com\\\/wp-content\\\/uploads\\\/2024\\\/11\\\/cropped-Sierra-Nativo-logo-circular.webp\",\"contentUrl\":\"https:\\\/\\\/sierranativo.com\\\/wp-content\\\/uploads\\\/2024\\\/11\\\/cropped-Sierra-Nativo-logo-circular.webp\",\"width\":512,\"height\":512,\"caption\":\"Sierra Nativo\"},\"image\":{\"@id\":\"https:\\\/\\\/sierranativo.com\\\/#\\\/schema\\\/logo\\\/image\\\/\"},\"sameAs\":[\"https:\\\/\\\/www.facebook.com\\\/sierranativo\",\"https:\\\/\\\/www.instagram.com\\\/sierranativo.co\\\/\",\"https:\\\/\\\/www.tiktok.com\\\/@sierranativo\",\"https:\\\/\\\/youtube.com\\\/@sierranativo?si=JAPJfZYQE7y4X1UF\"]}]}<\/script>\n<!-- \/ Yoast SEO plugin. -->","yoast_head_json":{"title":"La Guajira | 2 Noches y 3 Dias | Cabo de la vela Y Punta Gallina","description":"Conoce La Guajira, sus hermosos centros tur\u00edsticos y pasa la noche con la comunidad way\u00fau en un tour por la costa del caribe Colombiano.","robots":{"index":"index","follow":"follow","max-snippet":"max-snippet:-1","max-image-preview":"max-image-preview:large","max-video-preview":"max-video-preview:-1"},"canonical":"https:\/\/sierranativo.com\/en\/product\/tour-la-guajira-3-dias\/","og_locale":"en_US","og_type":"article","og_title":"La Guajira | 2 Noches y 3 Dias | Cabo de la vela Y Punta Gallina","og_description":"Conoce La Guajira, sus hermosos centros tur\u00edsticos y pasa la noche con la comunidad way\u00fau en un tour por la costa del caribe Colombiano.","og_url":"https:\/\/sierranativo.com\/en\/product\/tour-la-guajira-3-dias\/","og_site_name":"Sierra Nativo","article_publisher":"https:\/\/www.facebook.com\/sierranativo","article_modified_time":"2025-10-20T19:47:00+00:00","og_image":[{"width":1920,"height":1357,"url":"https:\/\/sierranativo.com\/wp-content\/uploads\/2024\/11\/Atardecer-playas-de-la-guajira-tour-cabo-de-la-vela-punta-gallina.webp","type":"image\/webp"}],"twitter_card":"summary_large_image","twitter_misc":{"Est. reading time":"3 minutes"},"schema":{"@context":"https:\/\/schema.org","@graph":[{"@type":"WebPage","@id":"https:\/\/sierranativo.com\/producto\/tour-la-guajira-3-dias\/","url":"https:\/\/sierranativo.com\/producto\/tour-la-guajira-3-dias\/","name":"La Guajira | 2 Noches y 3 Dias | Cabo de la vela Y Punta Gallina","isPartOf":{"@id":"https:\/\/sierranativo.com\/#website"},"primaryImageOfPage":{"@id":"https:\/\/sierranativo.com\/producto\/tour-la-guajira-3-dias\/#primaryimage"},"image":{"@id":"https:\/\/sierranativo.com\/producto\/tour-la-guajira-3-dias\/#primaryimage"},"thumbnailUrl":"https:\/\/sierranativo.com\/wp-content\/uploads\/2024\/11\/Atardecer-playas-de-la-guajira-tour-cabo-de-la-vela-punta-gallina.webp","datePublished":"2024-11-27T17:13:36+00:00","dateModified":"2025-10-20T19:47:00+00:00","description":"Conoce La Guajira, sus hermosos centros tur\u00edsticos y pasa la noche con la comunidad way\u00fau en un tour por la costa del caribe Colombiano.","breadcrumb":{"@id":"https:\/\/sierranativo.com\/producto\/tour-la-guajira-3-dias\/#breadcrumb"},"inLanguage":"en-US","potentialAction":[{"@type":"ReadAction","target":["https:\/\/sierranativo.com\/producto\/tour-la-guajira-3-dias\/"]}]},{"@type":"ImageObject","inLanguage":"en-US","@id":"https:\/\/sierranativo.com\/producto\/tour-la-guajira-3-dias\/#primaryimage","url":"https:\/\/sierranativo.com\/wp-content\/uploads\/2024\/11\/Atardecer-playas-de-la-guajira-tour-cabo-de-la-vela-punta-gallina.webp","contentUrl":"https:\/\/sierranativo.com\/wp-content\/uploads\/2024\/11\/Atardecer-playas-de-la-guajira-tour-cabo-de-la-vela-punta-gallina.webp","width":1920,"height":1357},{"@type":"BreadcrumbList","@id":"https:\/\/sierranativo.com\/producto\/tour-la-guajira-3-dias\/#breadcrumb","itemListElement":[{"@type":"ListItem","position":1,"name":"Portada","item":"https:\/\/sierranativo.com\/"},{"@type":"ListItem","position":2,"name":"Tienda","item":"https:\/\/sierranativo.com\/tienda\/"},{"@type":"ListItem","position":3,"name":"La Guajira | 2 Noches y 3 Dias | Cabo de la vela Y Punta Gallina"}]},{"@type":"WebSite","@id":"https:\/\/sierranativo.com\/#website","url":"https:\/\/sierranativo.com\/","name":"Sierra Nativo","description":"Tours en Santa Marta a Ciudad perdida, Bunkuany, Minca, incluso a las comunidades de la sierra Nevada de Santa Marta.","publisher":{"@id":"https:\/\/sierranativo.com\/#organization"},"alternateName":"sierranativo","potentialAction":[{"@type":"SearchAction","target":{"@type":"EntryPoint","urlTemplate":"https:\/\/sierranativo.com\/?s={search_term_string}"},"query-input":{"@type":"PropertyValueSpecification","valueRequired":true,"valueName":"search_term_string"}}],"inLanguage":"en-US"},{"@type":"Organization","@id":"https:\/\/sierranativo.com\/#organization","name":"Sierra Nativo","alternateName":"Sierranativo","url":"https:\/\/sierranativo.com\/","logo":{"@type":"ImageObject","inLanguage":"en-US","@id":"https:\/\/sierranativo.com\/#\/schema\/logo\/image\/","url":"https:\/\/sierranativo.com\/wp-content\/uploads\/2024\/11\/cropped-Sierra-Nativo-logo-circular.webp","contentUrl":"https:\/\/sierranativo.com\/wp-content\/uploads\/2024\/11\/cropped-Sierra-Nativo-logo-circular.webp","width":512,"height":512,"caption":"Sierra Nativo"},"image":{"@id":"https:\/\/sierranativo.com\/#\/schema\/logo\/image\/"},"sameAs":["https:\/\/www.facebook.com\/sierranativo","https:\/\/www.instagram.com\/sierranativo.co\/","https:\/\/www.tiktok.com\/@sierranativo","https:\/\/youtube.com\/@sierranativo?si=JAPJfZYQE7y4X1UF"]}]}},"_links":{"self":[{"href":"https:\/\/sierranativo.com\/en\/wp-json\/wp\/v2\/product\/821","targetHints":{"allow":["GET"]}}],"collection":[{"href":"https:\/\/sierranativo.com\/en\/wp-json\/wp\/v2\/product"}],"about":[{"href":"https:\/\/sierranativo.com\/en\/wp-json\/wp\/v2\/types\/product"}],"replies":[{"embeddable":true,"href":"https:\/\/sierranativo.com\/en\/wp-json\/wp\/v2\/comments?post=821"}],"version-history":[{"count":8,"href":"https:\/\/sierranativo.com\/en\/wp-json\/wp\/v2\/product\/821\/revisions"}],"predecessor-version":[{"id":1972,"href":"https:\/\/sierranativo.com\/en\/wp-json\/wp\/v2\/product\/821\/revisions\/1972"}],"wp:featuredmedia":[{"embeddable":true,"href":"https:\/\/sierranativo.com\/en\/wp-json\/wp\/v2\/media\/976"}],"wp:attachment":[{"href":"https:\/\/sierranativo.com\/en\/wp-json\/wp\/v2\/media?parent=821"}],"wp:term":[{"taxonomy":"product_brand","embeddable":true,"href":"https:\/\/sierranativo.com\/en\/wp-json\/wp\/v2\/product_brand?post=821"},{"taxonomy":"product_cat","embeddable":true,"href":"https:\/\/sierranativo.com\/en\/wp-json\/wp\/v2\/product_cat?post=821"},{"taxonomy":"product_tag","embeddable":true,"href":"https:\/\/sierranativo.com\/en\/wp-json\/wp\/v2\/product_tag?post=821"}],"curies":[{"name":"wp","href":"https:\/\/api.w.org\/{rel}","templated":true}]}}